{"id":178,"date":"2024-05-08T14:20:59","date_gmt":"2024-05-08T18:20:59","guid":{"rendered":"https:\/\/peteselementary.swlauriersb.vortexdev.com\/our-school-about-us\/"},"modified":"2024-05-30T13:14:59","modified_gmt":"2024-05-30T17:14:59","slug":"notre-ecole-a-propos","status":"publish","type":"page","link":"https:\/\/peteselementary.swlauriersb.vortexdev.com\/fr\/notre-ecole-a-propos\/","title":{"rendered":"Notre \u00e9cole \/ \u00e0 propos"},"content":{"rendered":"\n<p>Bienvenue \u00e0 l\u2019\u00e9cole primaire PIERRE-ELLIOTT-TRUDEAU! Nous sommes une \u00e9cole primaire anglophone situ\u00e9e \u00e0 Blainville, Qu\u00e9bec, Canada. Nous faisons partie de la Commission scolaire Sir-Wilfrid-Laurier.<\/p>\n\n\n\n<p>1455, rue Jean-Paul-Riopelle, Blainville, QC J7C 5V4<\/p>\n\n\n\n<p>T\u00e9l\u00e9phone&nbsp;: (450) 621-7606<\/p>\n\n\n\n<p>Fax&nbsp;: (450) 434-9937<\/p>\n\n\n\n<p>Nos valeurs scolaires sont le RESPECT, la RESPONSABILIT\u00c9, la PERS\u00c9V\u00c9RANCE et l\u2019EMPATHIE. Nous sommes fiers d\u2019offrir une exp\u00e9rience \u00e9ducative s\u00e9curitaire, stimulante et enrichissante \u00e0 tous nos \u00e9l\u00e8ves.<\/p>\n","protected":false},"excerpt":{"rendered":"<p>Bienvenue \u00e0 l\u2019\u00e9cole primaire PIERRE-ELLIOTT-TRUDEAU! Nous sommes une \u00e9cole primaire anglophone situ\u00e9e \u00e0 Blainville, Qu\u00e9bec, Canada. Nous faisons partie de la Commission scolaire Sir-Wilfrid-Laurier. 1455, rue Jean-Paul-Riopelle, Blainville, QC J7C 5V4 T\u00e9l\u00e9phone&nbsp;: (450) 621-7606 Fax&nbsp;: (450) 434-9937 Nos valeurs scolaires sont le RESPECT, la RESPONSABILIT\u00c9, la PERS\u00c9V\u00c9RANCE et l\u2019EMPATHIE. Nous sommes fiers d\u2019offrir une exp\u00e9rience&hellip;<\/p>\n","protected":false},"author":1,"featured_media":0,"parent":0,"menu_order":0,"comment_status":"closed","ping_status":"closed","template":"","meta":{"_acf_changed":false,"_relevanssi_hide_post":"","_relevanssi_hide_content":"","_relevanssi_pin_for_all":"","_relevanssi_pin_keywords":"","_relevanssi_unpin_keywords":"","_relevanssi_related_keywords":"","_relevanssi_related_include_ids":"","_relevanssi_related_exclude_ids":"","_relevanssi_related_no_append":"","_relevanssi_related_not_related":"","_relevanssi_related_posts":"","_relevanssi_noindex_reason":"","footnotes":""},"acf":[],"_links":{"self":[{"href":"https:\/\/peteselementary.swlauriersb.vortexdev.com\/fr\/wp-json\/wp\/v2\/pages\/178"}],"collection":[{"href":"https:\/\/peteselementary.swlauriersb.vortexdev.com\/fr\/wp-json\/wp\/v2\/pages"}],"about":[{"href":"https:\/\/peteselementary.swlauriersb.vortexdev.com\/fr\/wp-json\/wp\/v2\/types\/page"}],"author":[{"embeddable":true,"href":"https:\/\/peteselementary.swlauriersb.vortexdev.com\/fr\/wp-json\/wp\/v2\/users\/1"}],"replies":[{"embeddable":true,"href":"https:\/\/peteselementary.swlauriersb.vortexdev.com\/fr\/wp-json\/wp\/v2\/comments?post=178"}],"version-history":[{"count":2,"href":"https:\/\/peteselementary.swlauriersb.vortexdev.com\/fr\/wp-json\/wp\/v2\/pages\/178\/revisions"}],"predecessor-version":[{"id":298,"href":"https:\/\/peteselementary.swlauriersb.vortexdev.com\/fr\/wp-json\/wp\/v2\/pages\/178\/revisions\/298"}],"wp:attachment":[{"href":"https:\/\/peteselementary.swlauriersb.vortexdev.com\/fr\/wp-json\/wp\/v2\/media?parent=178"}],"curies":[{"name":"wp","href":"https:\/\/api.w.org\/{rel}","templated":true}]}}