{"id":171,"date":"2024-05-08T14:27:26","date_gmt":"2024-05-08T18:27:26","guid":{"rendered":"https:\/\/peteselementary.swlauriersb.vortexdev.com\/ppo-home-school\/"},"modified":"2024-05-30T13:14:49","modified_gmt":"2024-05-30T17:14:49","slug":"opp","status":"publish","type":"page","link":"https:\/\/peteselementary.swlauriersb.vortexdev.com\/fr\/informations-pour-les-parents\/opp\/","title":{"rendered":"OPP"},"content":{"rendered":"\n<p>L\u2019OPP est un comit\u00e9 compos\u00e9 de parents b\u00e9n\u00e9voles, qui organisent et soutiennent des collectes de fonds et des initiatives en ligne avec le projet \u00e9ducatif de l\u2019\u00e9cole.<\/p>\n\n\n\n<p>Tous les b\u00e9n\u00e9voles DOIVENT remplir un formulaire de d\u00e9claration de casier judiciaire afin d\u2019\u00eatre admissibles au b\u00e9n\u00e9volat dans notre \u00e9cole. Le lien pour acc\u00e9der \u00e0 ces formulaires est ci-dessous, ou vous pouvez contacter le secr\u00e9taire de l\u2019\u00e9cole afin d\u2019obtenir une copie imprim\u00e9e.<\/p>\n\n\n\n<p>LA COLLECTE DE FONDS TCBY COMMENCE EN OCTOBRE! Les 11 et 25&nbsp;OCTOBRE, les \u00e9l\u00e8ves peuvent rapporter 3&nbsp;$ pour un d\u00e9licieux yogourt glac\u00e9 TCBY! Consultez vos calendriers scolaires mensuels pour conna\u00eetre les dates \u00e0 venir!<\/p>\n\n\n\n<p><a href=\"https:\/\/plantables.ca\/store\/\">https:\/\/plantables.ca\/store\/<\/a><\/p>\n","protected":false},"excerpt":{"rendered":"<p>L\u2019OPP est un comit\u00e9 compos\u00e9 de parents b\u00e9n\u00e9voles, qui organisent et soutiennent des collectes de fonds et des initiatives en ligne avec le projet \u00e9ducatif de l\u2019\u00e9cole. Tous les b\u00e9n\u00e9voles DOIVENT remplir un formulaire de d\u00e9claration de casier judiciaire afin d\u2019\u00eatre admissibles au b\u00e9n\u00e9volat dans notre \u00e9cole. Le lien pour acc\u00e9der \u00e0 ces formulaires est&hellip;<\/p>\n","protected":false},"author":1,"featured_media":0,"parent":174,"menu_order":0,"comment_status":"closed","ping_status":"closed","template":"","meta":{"_acf_changed":false,"_relevanssi_hide_post":"","_relevanssi_hide_content":"","_relevanssi_pin_for_all":"","_relevanssi_pin_keywords":"","_relevanssi_unpin_keywords":"","_relevanssi_related_keywords":"","_relevanssi_related_include_ids":"","_relevanssi_related_exclude_ids":"","_relevanssi_related_no_append":"","_relevanssi_related_not_related":"","_relevanssi_related_posts":"","_relevanssi_noindex_reason":"","footnotes":""},"acf":[],"_links":{"self":[{"href":"https:\/\/peteselementary.swlauriersb.vortexdev.com\/fr\/wp-json\/wp\/v2\/pages\/171"}],"collection":[{"href":"https:\/\/peteselementary.swlauriersb.vortexdev.com\/fr\/wp-json\/wp\/v2\/pages"}],"about":[{"href":"https:\/\/peteselementary.swlauriersb.vortexdev.com\/fr\/wp-json\/wp\/v2\/types\/page"}],"author":[{"embeddable":true,"href":"https:\/\/peteselementary.swlauriersb.vortexdev.com\/fr\/wp-json\/wp\/v2\/users\/1"}],"replies":[{"embeddable":true,"href":"https:\/\/peteselementary.swlauriersb.vortexdev.com\/fr\/wp-json\/wp\/v2\/comments?post=171"}],"version-history":[{"count":2,"href":"https:\/\/peteselementary.swlauriersb.vortexdev.com\/fr\/wp-json\/wp\/v2\/pages\/171\/revisions"}],"predecessor-version":[{"id":306,"href":"https:\/\/peteselementary.swlauriersb.vortexdev.com\/fr\/wp-json\/wp\/v2\/pages\/171\/revisions\/306"}],"up":[{"embeddable":true,"href":"https:\/\/peteselementary.swlauriersb.vortexdev.com\/fr\/wp-json\/wp\/v2\/pages\/174"}],"wp:attachment":[{"href":"https:\/\/peteselementary.swlauriersb.vortexdev.com\/fr\/wp-json\/wp\/v2\/media?parent=171"}],"curies":[{"name":"wp","href":"https:\/\/api.w.org\/{rel}","templated":true}]}}