{"id":164,"date":"2024-05-08T14:31:16","date_gmt":"2024-05-08T18:31:16","guid":{"rendered":"https:\/\/peteselementary.swlauriersb.vortexdev.com\/day-care-services\/"},"modified":"2024-05-30T13:16:21","modified_gmt":"2024-05-30T17:16:21","slug":"services-de-garde","status":"publish","type":"page","link":"https:\/\/peteselementary.swlauriersb.vortexdev.com\/fr\/services\/services-de-garde\/","title":{"rendered":"Services de garde"},"content":{"rendered":"\n<p>Le service de garde de PETES est g\u00e9r\u00e9 par un groupe d\u2019individus \u00e9tonnants et dynamiques! Dans notre service de garde, nous&nbsp;:<\/p>\n\n\n\n<ul>\n<li>Assurons la s\u00e9curit\u00e9 et le bien-\u00eatre de l\u2019enfant.<\/li>\n\n\n\n<li>Fournissons des activit\u00e9s physiques, artistiques et r\u00e9cr\u00e9atives qui contribuent au d\u00e9veloppement de l\u2019enfant dans son ensemble<\/li>\n\n\n\n<li>Aidons et encourageons les aptitudes sociales telles que la coop\u00e9ration et le respect<\/li>\n\n\n\n<li>Offrons \u00e0 chaque enfant un milieu s\u00e9curitaire, amusant et relaxant. En plus des philosophies et des objectifs de notre \u00e9cole, le personnel du service de garde donnera \u00e0 votre enfant (s) les soins et les outils pour commencer et terminer sa\/ ses journ\u00e9e d\u2019une mani\u00e8re positive.<\/li>\n<\/ul>\n\n\n\n<p>Pour en savoir plus, ou pour vous inscrire, consultez la brochure et le formulaire d\u2019inscription ci-dessous!<\/p>\n","protected":false},"excerpt":{"rendered":"<p>Le service de garde de PETES est g\u00e9r\u00e9 par un groupe d\u2019individus \u00e9tonnants et dynamiques! Dans notre service de garde, nous&nbsp;: Pour en savoir plus, ou pour vous inscrire, consultez la brochure et le formulaire d\u2019inscription ci-dessous!<\/p>\n","protected":false},"author":1,"featured_media":0,"parent":165,"menu_order":0,"comment_status":"closed","ping_status":"closed","template":"","meta":{"_acf_changed":false,"_relevanssi_hide_post":"","_relevanssi_hide_content":"","_relevanssi_pin_for_all":"","_relevanssi_pin_keywords":"","_relevanssi_unpin_keywords":"","_relevanssi_related_keywords":"","_relevanssi_related_include_ids":"","_relevanssi_related_exclude_ids":"","_relevanssi_related_no_append":"","_relevanssi_related_not_related":"","_relevanssi_related_posts":"","_relevanssi_noindex_reason":"","footnotes":""},"acf":[],"_links":{"self":[{"href":"https:\/\/peteselementary.swlauriersb.vortexdev.com\/fr\/wp-json\/wp\/v2\/pages\/164"}],"collection":[{"href":"https:\/\/peteselementary.swlauriersb.vortexdev.com\/fr\/wp-json\/wp\/v2\/pages"}],"about":[{"href":"https:\/\/peteselementary.swlauriersb.vortexdev.com\/fr\/wp-json\/wp\/v2\/types\/page"}],"author":[{"embeddable":true,"href":"https:\/\/peteselementary.swlauriersb.vortexdev.com\/fr\/wp-json\/wp\/v2\/users\/1"}],"replies":[{"embeddable":true,"href":"https:\/\/peteselementary.swlauriersb.vortexdev.com\/fr\/wp-json\/wp\/v2\/comments?post=164"}],"version-history":[{"count":2,"href":"https:\/\/peteselementary.swlauriersb.vortexdev.com\/fr\/wp-json\/wp\/v2\/pages\/164\/revisions"}],"predecessor-version":[{"id":313,"href":"https:\/\/peteselementary.swlauriersb.vortexdev.com\/fr\/wp-json\/wp\/v2\/pages\/164\/revisions\/313"}],"up":[{"embeddable":true,"href":"https:\/\/peteselementary.swlauriersb.vortexdev.com\/fr\/wp-json\/wp\/v2\/pages\/165"}],"wp:attachment":[{"href":"https:\/\/peteselementary.swlauriersb.vortexdev.com\/fr\/wp-json\/wp\/v2\/media?parent=164"}],"curies":[{"name":"wp","href":"https:\/\/api.w.org\/{rel}","templated":true}]}}